{"id":23,"date":"2021-12-29T10:29:26","date_gmt":"2021-12-29T09:29:26","guid":{"rendered":"http:\/\/fop2022.pl\/?page_id=23"},"modified":"2022-02-08T22:49:19","modified_gmt":"2022-02-08T21:49:19","slug":"o-forum","status":"publish","type":"page","link":"https:\/\/fop2022.ippez.pl\/index.php\/o-forum\/","title":{"rendered":"O FORUM"},"content":{"rendered":"\n<p><strong>11 lutego roku obchodzony jest \u015awiatowy Dzie\u0144 Chorego, kt\u00f3ry stanowi szczeg\u00f3ln\u0105 okazj\u0119 do wyra\u017cenia szacunku i uznania pracownikom s\u0142u\u017cby zdrowia, wolontariuszom, cz\u0142onkom rodziny, organizacjom oraz wszystkim tym, kt\u00f3rzy bezinteresownie po\u015bwi\u0119caj\u0105 si\u0119 dla dobra chorych. Z tej okazji z inicjatywy Instytutu Praw Pacjenta i Edukacji Zdrowotnej od 2007 r. co roku odbywa si\u0119 w Warszawie Forum Organizacji Pacjent\u00f3w, w kt\u00f3rym uczestniczy ok. 200 lider\u00f3w organizacji pacjent\u00f3w. W roku 2022 ze wzgl\u0119du na ograniczenia covidowe Forum organizowane jest w trybie hybrydowym. Stacjonarnie w spotkaniu udzia\u0142 we\u017amie 80 organizacji. Dla wszystkich pozosta\u0142ych mo\u017cliwy b\u0119dzie udzia\u0142 online.<\/strong><\/p>\n\n\n\n<p>Forum Lider\u00f3w Organizacji Pacjent\u00f3w to organizowane przez nas spotkanie z udzia\u0142em przedstawicieli organizacji pacjent\u00f3w, kt\u00f3rego celem jest integracja \u015brodowiska oraz szkolenia pracownik\u00f3w organizacji z zakresu komunikacji, zarz\u0105dzania, zdrowia publicznego, finansowania, problematyki istotnej dla NGOs. Intencj\u0105 Forum jest inicjowanie rozwi\u0105za\u0144, kt\u00f3re wp\u0142yn\u0105 na popraw\u0119 systemowej opieki nad pacjentem. Jest to najwi\u0119ksza tego typu konferencja skierowana do lider\u00f3w pacjent\u00f3w reprezentuj\u0105cych chorych w r\u00f3\u017cnych obszarach terapeutycznych. Dzi\u0119ki temu Forum jest skuteczn\u0105 p\u0142aszczyzn\u0105 wymiany do\u015bwiadcze\u0144\u0301 pomi\u0119dzy organizacjami dzia\u0142aj\u0105cymi w r\u00f3\u017cnych obszarach ochrony zdrowia oraz sprzyja dyskusji nad systemowymi rozwi\u0105zaniami s\u0142u\u017c\u0105cymi poprawie jako\u015bci \u017cycia pacjent\u00f3w.<\/p>\n\n\n\n<p><strong><u>\u015aWIATOWY DZIE\u0143 CHOREGO<\/u><\/strong><strong><u>\u2028<\/u><\/strong><strong><u>(11.02)<\/u><\/strong><\/p>\n\n\n\n<p>Dzie\u0144 ustanowi\u0142 Jan Pawe\u0142 II 13 maja 1992 r. w 11. rocznic\u0119 zamachu na Jego \u017cycie i dzie\u0144\u0301 ten zosta\u0142 ustalony na 11 lutego. \u015awiatowy Dzie\u0144 Chorego zach\u0119ca do podejmowania wysi\u0142k\u00f3w zmierzaj\u0105cych do ul\u017cenia cierpi\u0105cym w trudach walki z chorob\u0105. Podkre\u015bla r\u00f3wnie\u017c\u0307, \u017ce cierpienie jest rodzajem \u017cyciowej pr\u00f3by, z kt\u00f3r\u0105 trudno jest sobie poradzi\u0107\u0301 o w\u0142asnych si\u0142ach. Nie wystarczy jedynie odpowiednia opieka medyczna, ale potrzebne jest szczere serce okazane przez drugiego cz\u0142owieka. Bezinteresowna, pe\u0142na po\u015bwiece\u0144\u0301 i braterskiej mi\u0142o\u015bci troska o osob\u0119\u0328 potrzebuj\u0105c\u0105\u0328 naszego zainteresowania jest nie tylko niezast\u0105pion\u0105\u0328 form\u0105 terapii dla samego chorego, ale r\u00f3wnie\u017c\u0307 okazj\u0105 do odkrycia w nas samych cennych warto\u015bci humanistycznych i duchowych.<\/p>\n\n\n\n<p><strong><u>OG\u00d3LNOPOLSKI DZIE\u0143 OPIEKUNA (12.02)<\/u><\/strong><\/p>\n\n\n\n<p>Rola opiekuna w procesie powrotu do zdrowia osoby chorej jest nieoceniona. Mimo to do tej pory w kalendarzach nie by\u0142o dnia, kt\u00f3ry pozwoli\u0142by na docenienie po\u015bwiecenia oraz wyra\u017cenie wdzi\u0119czno\u015bci tym osobom. Z inicjatywy 8 organizacji pacjent\u00f3w zosta\u0142 powo\u0142any Og\u00f3lnopolski Dzie\u0144 Opiekuna, kt\u00f3rego celem jest zwr\u00f3cenie uwagi na problemy i potrzeby opiekun\u00f3w, a tak\u017ce podzi\u0119kowanie im za ich wsparcie. <\/p>\n\n\n\n<p>Data ustanowienia tego dnia zosta\u0142a wybrana nieprzypadkowo. 12 lutego przypada dzie\u0144\u0301 po obchodach \u015awiatowego Dnia Chorego, kt\u00f3ry zwraca uwag\u0119\u0328 na pacjent\u00f3w i ich problemy w chorobie. Ustanowienie Og\u00f3lnopolskiego Dnia Opiekuna ma na celu podkre\u015blenie wyj\u0105tkowej relacji, \u0142\u0105cz\u0105cej chorego z jego opiekunem i podkre\u015blenie ogromnej roli opiekuna w procesie choroby i powrotu do zdrowia. To tak\u017ce apel o zwi\u0119kszenie dzia\u0142a\u0144\u0301 edukacyjnych oraz realnej pomocy, kt\u00f3ra mo\u017ce poprawi\u0107\u0301 jako\u015b\u0107\u0301 \u017cycia i u\u0142atwi\u0107\u0301 sprawowanie opieki nad bliskimi chorymi. <\/p>\n\n\n\n<p>Organizacje, kt\u00f3re popisa\u0142y wsp\u00f3ln\u0105 deklaracj\u0119 dot. powo\u0142ania tego dnia to Instytut Praw Pacjenta i Edukacji Zdrowotnej, Fundacja Polska Koalicja Pacjent\u00f3w Onkologicznych, Mazowieckie Stowarzyszenie Os\u00f3b z Chorob\u0105 Parkinsona, Fundacja \u201eOnkoCafe \u2013 Razem Lepiej\u201d, Fundacja EuropaColon Polska, Federacja Stowarzysze\u0144 Amazonki, Fundacja Onkologiczna Alivia oraz Stowarzyszenie \u201eApetyt na \u017bycie\u201d.<\/p>\n\n\n\n<figure class=\"wp-block-gallery has-nested-images columns-default is-cropped wp-block-gallery-1 is-layout-flex wp-block-gallery-is-layout-flex\">\n<figure class=\"wp-block-image size-large is-style-default\"><img loading=\"lazy\" decoding=\"async\" width=\"1024\" height=\"683\" data-id=\"24\" src=\"https:\/\/fop2022.ippez.pl\/wp-content\/uploads\/2021\/12\/IMG_4599-1024x683.jpg\" alt=\"\" class=\"wp-image-24\" srcset=\"https:\/\/fop2022.ippez.pl\/wp-content\/uploads\/2021\/12\/IMG_4599-1024x683.jpg 1024w, https:\/\/fop2022.ippez.pl\/wp-content\/uploads\/2021\/12\/IMG_4599-300x200.jpg 300w, https:\/\/fop2022.ippez.pl\/wp-content\/uploads\/2021\/12\/IMG_4599-768x512.jpg 768w, https:\/\/fop2022.ippez.pl\/wp-content\/uploads\/2021\/12\/IMG_4599.jpg 1200w\" sizes=\"auto, (max-width: 1024px) 100vw, 1024px\" \/><\/figure>\n\n\n\n<figure class=\"wp-block-image size-large is-style-default\"><img loading=\"lazy\" decoding=\"async\" width=\"1024\" height=\"683\" data-id=\"25\" src=\"https:\/\/fop2022.ippez.pl\/wp-content\/uploads\/2021\/12\/IMG_5013-1024x683.jpg\" alt=\"\" class=\"wp-image-25\" srcset=\"https:\/\/fop2022.ippez.pl\/wp-content\/uploads\/2021\/12\/IMG_5013-1024x683.jpg 1024w, https:\/\/fop2022.ippez.pl\/wp-content\/uploads\/2021\/12\/IMG_5013-300x200.jpg 300w, https:\/\/fop2022.ippez.pl\/wp-content\/uploads\/2021\/12\/IMG_5013-768x512.jpg 768w, https:\/\/fop2022.ippez.pl\/wp-content\/uploads\/2021\/12\/IMG_5013.jpg 1200w\" sizes=\"auto, (max-width: 1024px) 100vw, 1024px\" \/><\/figure>\n\n\n\n<figure class=\"wp-block-image size-large is-style-default\"><img loading=\"lazy\" decoding=\"async\" width=\"1024\" height=\"683\" data-id=\"26\" src=\"https:\/\/fop2022.ippez.pl\/wp-content\/uploads\/2021\/12\/IMG_5030-1024x683.jpg\" alt=\"\" class=\"wp-image-26\" srcset=\"https:\/\/fop2022.ippez.pl\/wp-content\/uploads\/2021\/12\/IMG_5030-1024x683.jpg 1024w, https:\/\/fop2022.ippez.pl\/wp-content\/uploads\/2021\/12\/IMG_5030-300x200.jpg 300w, https:\/\/fop2022.ippez.pl\/wp-content\/uploads\/2021\/12\/IMG_5030-768x512.jpg 768w, https:\/\/fop2022.ippez.pl\/wp-content\/uploads\/2021\/12\/IMG_5030.jpg 1200w\" sizes=\"auto, (max-width: 1024px) 100vw, 1024px\" \/><\/figure>\n\n\n\n<figure class=\"wp-block-image size-large is-style-default\"><img loading=\"lazy\" decoding=\"async\" width=\"1024\" height=\"683\" data-id=\"27\" src=\"https:\/\/fop2022.ippez.pl\/wp-content\/uploads\/2021\/12\/IMG_5056-1024x683.jpg\" alt=\"\" class=\"wp-image-27\" srcset=\"https:\/\/fop2022.ippez.pl\/wp-content\/uploads\/2021\/12\/IMG_5056-1024x683.jpg 1024w, https:\/\/fop2022.ippez.pl\/wp-content\/uploads\/2021\/12\/IMG_5056-300x200.jpg 300w, https:\/\/fop2022.ippez.pl\/wp-content\/uploads\/2021\/12\/IMG_5056-768x512.jpg 768w, https:\/\/fop2022.ippez.pl\/wp-content\/uploads\/2021\/12\/IMG_5056.jpg 1200w\" sizes=\"auto, (max-width: 1024px) 100vw, 1024px\" \/><\/figure>\n\n\n\n<figure class=\"wp-block-image size-large is-style-default\"><img loading=\"lazy\" decoding=\"async\" width=\"1024\" height=\"683\" data-id=\"28\" src=\"https:\/\/fop2022.ippez.pl\/wp-content\/uploads\/2021\/12\/IMG_5119-1024x683.jpg\" alt=\"\" class=\"wp-image-28\" srcset=\"https:\/\/fop2022.ippez.pl\/wp-content\/uploads\/2021\/12\/IMG_5119-1024x683.jpg 1024w, https:\/\/fop2022.ippez.pl\/wp-content\/uploads\/2021\/12\/IMG_5119-300x200.jpg 300w, https:\/\/fop2022.ippez.pl\/wp-content\/uploads\/2021\/12\/IMG_5119-768x512.jpg 768w, https:\/\/fop2022.ippez.pl\/wp-content\/uploads\/2021\/12\/IMG_5119.jpg 1200w\" sizes=\"auto, (max-width: 1024px) 100vw, 1024px\" \/><\/figure>\n\n\n\n<figure class=\"wp-block-image size-large is-style-default\"><img loading=\"lazy\" decoding=\"async\" width=\"1024\" height=\"683\" data-id=\"29\" src=\"https:\/\/fop2022.ippez.pl\/wp-content\/uploads\/2021\/12\/IMG_5383-1024x683.jpg\" alt=\"\" class=\"wp-image-29\" srcset=\"https:\/\/fop2022.ippez.pl\/wp-content\/uploads\/2021\/12\/IMG_5383-1024x683.jpg 1024w, https:\/\/fop2022.ippez.pl\/wp-content\/uploads\/2021\/12\/IMG_5383-300x200.jpg 300w, https:\/\/fop2022.ippez.pl\/wp-content\/uploads\/2021\/12\/IMG_5383-768x512.jpg 768w, https:\/\/fop2022.ippez.pl\/wp-content\/uploads\/2021\/12\/IMG_5383.jpg 1200w\" sizes=\"auto, (max-width: 1024px) 100vw, 1024px\" \/><\/figure>\n<\/figure>\n","protected":false},"excerpt":{"rendered":"<p>11 lutego roku obchodzony jest \u015awiatowy Dzie\u0144 Chorego, kt\u00f3ry stanowi szczeg\u00f3ln\u0105 okazj\u0119 do wyra\u017cenia szacunku i uznania pracownikom s\u0142u\u017cby zdrowia, wolontariuszom, cz\u0142onkom rodziny, organizacjom oraz wszystkim tym, kt\u00f3rzy bezinteresownie po\u015bwi\u0119caj\u0105 &#8230;<\/p>\n","protected":false},"author":1,"featured_media":0,"parent":0,"menu_order":0,"comment_status":"closed","ping_status":"closed","template":"","meta":{"_coblocks_attr":"","_coblocks_dimensions":"","_coblocks_responsive_height":"","_coblocks_accordion_ie_support":"","_uag_custom_page_level_css":"","footnotes":""},"class_list":["post-23","page","type-page","status-publish","hentry"],"uagb_featured_image_src":{"full":false,"thumbnail":false,"medium":false,"medium_large":false,"large":false,"1536x1536":false,"2048x2048":false,"onepress-blog-small":false,"onepress-small":false,"onepress-medium":false},"uagb_author_info":{"display_name":"fopadmin22","author_link":"https:\/\/fop2022.ippez.pl\/index.php\/author\/fopadmin22\/"},"uagb_comment_info":0,"uagb_excerpt":"11 lutego roku obchodzony jest \u015awiatowy Dzie\u0144 Chorego, kt\u00f3ry stanowi szczeg\u00f3ln\u0105 okazj\u0119 do wyra\u017cenia szacunku i uznania pracownikom s\u0142u\u017cby zdrowia, wolontariuszom, cz\u0142onkom rodziny, organizacjom oraz wszystkim tym, kt\u00f3rzy bezinteresownie po\u015bwi\u0119caj\u0105 ...","_links":{"self":[{"href":"https:\/\/fop2022.ippez.pl\/index.php\/wp-json\/wp\/v2\/pages\/23","targetHints":{"allow":["GET"]}}],"collection":[{"href":"https:\/\/fop2022.ippez.pl\/index.php\/wp-json\/wp\/v2\/pages"}],"about":[{"href":"https:\/\/fop2022.ippez.pl\/index.php\/wp-json\/wp\/v2\/types\/page"}],"author":[{"embeddable":true,"href":"https:\/\/fop2022.ippez.pl\/index.php\/wp-json\/wp\/v2\/users\/1"}],"replies":[{"embeddable":true,"href":"https:\/\/fop2022.ippez.pl\/index.php\/wp-json\/wp\/v2\/comments?post=23"}],"version-history":[{"count":4,"href":"https:\/\/fop2022.ippez.pl\/index.php\/wp-json\/wp\/v2\/pages\/23\/revisions"}],"predecessor-version":[{"id":205,"href":"https:\/\/fop2022.ippez.pl\/index.php\/wp-json\/wp\/v2\/pages\/23\/revisions\/205"}],"wp:attachment":[{"href":"https:\/\/fop2022.ippez.pl\/index.php\/wp-json\/wp\/v2\/media?parent=23"}],"curies":[{"name":"wp","href":"https:\/\/api.w.org\/{rel}","templated":true}]}}