{"id":12,"date":"2021-12-28T10:34:02","date_gmt":"2021-12-28T09:34:02","guid":{"rendered":"http:\/\/fop2022.pl\/?page_id=12"},"modified":"2022-09-28T12:31:43","modified_gmt":"2022-09-28T10:31:43","slug":"transmisja-online","status":"publish","type":"page","link":"https:\/\/fop2022.ippez.pl\/","title":{"rendered":"TRANSMISJA ONLINE"},"content":{"rendered":"\n<figure class=\"wp-block-embed is-type-video is-provider-youtube wp-block-embed-youtube wp-embed-aspect-16-9 wp-has-aspect-ratio\"><div class=\"wp-block-embed__wrapper\">\n<iframe loading=\"lazy\" title=\"XVI Forum Organizacji Pacjent\u00f3w - \u015awiatowy Dzie\u0144 Chorego - Dzie\u0144 1\" width=\"800\" height=\"450\" src=\"https:\/\/www.youtube.com\/embed\/HpggudEIpNs?feature=oembed\" frameborder=\"0\" allow=\"accelerometer; autoplay; clipboard-write; encrypted-media; gyroscope; picture-in-picture; web-share\" allowfullscreen><\/iframe>\n<\/div><\/figure>\n\n\n\n<figure class=\"wp-block-embed is-type-video is-provider-youtube wp-block-embed-youtube wp-embed-aspect-16-9 wp-has-aspect-ratio\"><div class=\"wp-block-embed__wrapper\">\n<iframe loading=\"lazy\" title=\"XVI Forum Organizacji Pacjent\u00f3w - \u015awiatowy Dzie\u0144 Chorego - Dzie\u0144 2\" width=\"800\" height=\"450\" src=\"https:\/\/www.youtube.com\/embed\/iEC2rNBvTa0?feature=oembed\" frameborder=\"0\" allow=\"accelerometer; autoplay; clipboard-write; encrypted-media; gyroscope; picture-in-picture; web-share\" allowfullscreen><\/iframe>\n<\/div><\/figure>\n\n\n<div class=\"wp-block-coblocks-shape-divider is-style-waves has-vivid-cyan-blue-color mt-0 mb-0\" style=\"\" aria-hidden=\"true\">\n\t\t\t<div class=\"wp-block-coblocks-shape-divider__svg-wrapper\" style=\"height:100px;\">\n\t\t\t\t<svg class=\"divider--waves\" fill=\"\" xmlns=\"http:\/\/www.w3.org\/2000\/svg\" viewBox=\"0 0 1000 300\" preserveAspectRatio=\"none\"><path d=\"M 1000 299 l 2 -279 c -155 -36 -310 135 -415 164 c -102.64 28.35 -149 -32 -232 -31 c -80 1 -142 53 -229 80 c -65.54 20.34 -101 15 -126 11.61 v 54.39 z\"><\/path><path d=\"M 1000 286 l 2 -252 c -157 -43 -302 144 -405 178 c -101.11 33.38 -159 -47 -242 -46 c -80 1 -145.09 54.07 -229 87 c -65.21 25.59 -104.07 16.72 -126 10.61 v 22.39 z\"><\/path><path d=\"M 1000 300 l 1 -230.29 c -217 -12.71 -300.47 129.15 -404 156.29 c -103 27 -174 -30 -257 -29 c -80 1 -130.09 37.07 -214 70 c -61.23 24 -108 15.61 -126 10.61 v 22.39 z\"><\/path><\/svg>\n\t\t\t<\/div>\n\t\t\t<div class=\"wp-block-coblocks-shape-divider__alt-wrapper\" style=\"height:50px;\"><\/div>\n\t\t<\/div>\n\n\n<div style=\"height:100px\" aria-hidden=\"true\" class=\"wp-block-spacer\"><\/div>\n\n\n\n<h2 class=\"has-text-align-center wp-block-heading\" id=\"partnerzy-merytoryczni\">Partnerzy merytoryczni<\/h2>\n\n\n\n<div aria-label=\"Offset Gallery\" class=\"wp-block-coblocks-gallery-offset\"><ul class=\"coblocks-gallery has-no-alignment has-caption-style-dark has-medium-images has-medium-gutter\"><li class=\"coblocks-gallery--item coblocks-animate\" data-coblocks-animation=\"clipHorizontal\"><figure class=\"wp-block-coblocks-gallery-offset__figure\"><img loading=\"lazy\" decoding=\"async\" width=\"150\" height=\"150\" src=\"https:\/\/fop2022.ippez.pl\/wp-content\/uploads\/2022\/01\/logo_cm.png\" alt=\"\" data-id=\"122\" data-imglink=\"\" data-link=\"https:\/\/fop2022.ippez.pl\/logo_cm\/\" class=\"wp-image-122\"\/><\/figure><\/li><li class=\"coblocks-gallery--item coblocks-animate\" data-coblocks-animation=\"clipHorizontal\"><figure class=\"wp-block-coblocks-gallery-offset__figure\"><img loading=\"lazy\" decoding=\"async\" width=\"150\" height=\"150\" src=\"https:\/\/fop2022.ippez.pl\/wp-content\/uploads\/2022\/01\/logo_UZ.png\" alt=\"\" data-id=\"121\" data-imglink=\"\" data-link=\"https:\/\/fop2022.ippez.pl\/logo_uz\/\" class=\"wp-image-121\"\/><\/figure><\/li><\/ul><\/div>\n\n\n\n<h2 class=\"has-text-align-center wp-block-heading\" id=\"partner-glowny\">PARTNER G\u0141\u00d3WNY<\/h2>\n\n\n<div class=\"wp-block-image\">\n<figure class=\"aligncenter size-full\"><img loading=\"lazy\" decoding=\"async\" width=\"400\" height=\"152\" src=\"https:\/\/fop2022.ippez.pl\/wp-content\/uploads\/2022\/01\/gilead-2-logo.png\" alt=\"\" class=\"wp-image-111\" srcset=\"https:\/\/fop2022.ippez.pl\/wp-content\/uploads\/2022\/01\/gilead-2-logo.png 400w, https:\/\/fop2022.ippez.pl\/wp-content\/uploads\/2022\/01\/gilead-2-logo-300x114.png 300w\" sizes=\"auto, (max-width: 400px) 100vw, 400px\" \/><\/figure>\n<\/div>\n\n\n<h2 class=\"has-text-align-center wp-block-heading\" id=\"partnerzy-wspierajacy\">Partnerzy wspieraj\u0105cy<\/h2>\n\n\n\n<div aria-label=\"Offset Gallery\" class=\"wp-block-coblocks-gallery-offset\"><ul class=\"coblocks-gallery has-no-alignment has-caption-style-dark has-medium-images has-medium-gutter\"><li class=\"coblocks-gallery--item coblocks-animate\" data-coblocks-animation=\"clipHorizontal\"><figure class=\"wp-block-coblocks-gallery-offset__figure\"><img loading=\"lazy\" decoding=\"async\" width=\"150\" height=\"150\" src=\"https:\/\/fop2022.ippez.pl\/wp-content\/uploads\/2021\/12\/novo_nordisk_logo.jpg\" alt=\"\" data-id=\"53\" data-imglink=\"\" data-link=\"https:\/\/fop2022.ippez.pl\/index.php\/transmisja-online\/novo_nordisk_logo\/\" class=\"wp-image-53\"\/><\/figure><\/li><li class=\"coblocks-gallery--item coblocks-animate\" data-coblocks-animation=\"clipHorizontal\"><figure class=\"wp-block-coblocks-gallery-offset__figure\"><img loading=\"lazy\" decoding=\"async\" width=\"150\" height=\"150\" src=\"https:\/\/fop2022.ippez.pl\/wp-content\/uploads\/2021\/12\/GSK_logo.jpg\" alt=\"\" data-id=\"47\" data-imglink=\"\" data-link=\"https:\/\/fop2022.ippez.pl\/index.php\/transmisja-online\/gsk_logo\/\" class=\"wp-image-47\"\/><\/figure><\/li><li class=\"coblocks-gallery--item coblocks-animate\" data-coblocks-animation=\"clipHorizontal\"><figure class=\"wp-block-coblocks-gallery-offset__figure\"><img loading=\"lazy\" decoding=\"async\" width=\"150\" height=\"150\" src=\"https:\/\/fop2022.ippez.pl\/wp-content\/uploads\/2022\/02\/janssen-logo.png\" alt=\"\" data-id=\"206\" data-imglink=\"\" data-link=\"https:\/\/fop2022.ippez.pl\/index.php\/transmisja-online\/janssen-logo\/\" class=\"wp-image-206\"\/><\/figure><\/li><li class=\"coblocks-gallery--item coblocks-animate\" data-coblocks-animation=\"clipHorizontal\"><figure class=\"wp-block-coblocks-gallery-offset__figure\"><img loading=\"lazy\" decoding=\"async\" width=\"150\" height=\"150\" src=\"https:\/\/fop2022.ippez.pl\/wp-content\/uploads\/2022\/01\/Pfizer_Logo_Color_RGB.png\" alt=\"\" data-id=\"66\" data-imglink=\"\" data-link=\"https:\/\/fop2022.ippez.pl\/index.php\/transmisja-online\/pfizer_logo_color_rgb\/\" class=\"wp-image-66\"\/><\/figure><\/li><li class=\"coblocks-gallery--item coblocks-animate\" data-coblocks-animation=\"clipHorizontal\"><figure class=\"wp-block-coblocks-gallery-offset__figure\"><img loading=\"lazy\" decoding=\"async\" width=\"150\" height=\"150\" src=\"https:\/\/fop2022.ippez.pl\/wp-content\/uploads\/2022\/02\/220110-SANOFI-LOGO-CMYK-1.jpg\" alt=\"\" data-id=\"208\" data-imglink=\"\" data-link=\"https:\/\/fop2022.ippez.pl\/index.php\/transmisja-online\/220110-sanofi-logo-cmyk-1\/\" class=\"wp-image-208\"\/><\/figure><\/li><li class=\"coblocks-gallery--item coblocks-animate\" data-coblocks-animation=\"clipHorizontal\"><figure class=\"wp-block-coblocks-gallery-offset__figure\"><img loading=\"lazy\" decoding=\"async\" width=\"150\" height=\"150\" src=\"https:\/\/fop2022.ippez.pl\/wp-content\/uploads\/2021\/12\/takeda_logo.png\" alt=\"\" data-id=\"51\" data-imglink=\"\" data-link=\"https:\/\/fop2022.ippez.pl\/index.php\/transmisja-online\/takeda_logo\/\" class=\"wp-image-51\"\/><\/figure><\/li><li class=\"coblocks-gallery--item coblocks-animate\" data-coblocks-animation=\"clipHorizontal\"><figure class=\"wp-block-coblocks-gallery-offset__figure\"><img loading=\"lazy\" decoding=\"async\" width=\"150\" height=\"150\" src=\"https:\/\/fop2022.ippez.pl\/wp-content\/uploads\/2021\/12\/abbvie_logo.png\" alt=\"\" data-id=\"55\" data-imglink=\"\" data-link=\"https:\/\/fop2022.ippez.pl\/index.php\/transmisja-online\/abbvie_logo\/\" class=\"wp-image-55\"\/><\/figure><\/li><li class=\"coblocks-gallery--item coblocks-animate\" data-coblocks-animation=\"clipHorizontal\"><figure class=\"wp-block-coblocks-gallery-offset__figure\"><img loading=\"lazy\" decoding=\"async\" width=\"150\" height=\"150\" src=\"https:\/\/fop2022.ippez.pl\/wp-content\/uploads\/2021\/12\/AZ_logo.png\" alt=\"\" data-id=\"54\" data-imglink=\"\" data-link=\"https:\/\/fop2022.ippez.pl\/index.php\/transmisja-online\/az_logo\/\" class=\"wp-image-54\"\/><\/figure><\/li><li class=\"coblocks-gallery--item coblocks-animate\" data-coblocks-animation=\"clipHorizontal\"><figure class=\"wp-block-coblocks-gallery-offset__figure\"><img loading=\"lazy\" decoding=\"async\" width=\"150\" height=\"150\" src=\"https:\/\/fop2022.ippez.pl\/wp-content\/uploads\/2022\/01\/novartis_logo_pos_rgb.jpg\" alt=\"\" data-id=\"112\" data-imglink=\"\" data-link=\"https:\/\/fop2022.ippez.pl\/index.php\/transmisja-online\/novartis_logo_pos_rgb\/\" class=\"wp-image-112\"\/><\/figure><\/li><\/ul><\/div>\n\n\n\n<h2 class=\"has-text-align-center wp-block-heading\" id=\"partnerzy\">Partnerzy<\/h2>\n\n\n\n<div aria-label=\"Offset Gallery\" class=\"wp-block-coblocks-gallery-offset\"><ul class=\"coblocks-gallery has-no-alignment has-caption-style-dark has-medium-images has-medium-gutter\"><li class=\"coblocks-gallery--item coblocks-animate\" data-coblocks-animation=\"clipHorizontal\"><figure class=\"wp-block-coblocks-gallery-offset__figure\"><img loading=\"lazy\" decoding=\"async\" width=\"150\" height=\"150\" src=\"https:\/\/fop2022.ippez.pl\/wp-content\/uploads\/2021\/12\/MSD_logo.png\" alt=\"\" data-id=\"52\" data-imglink=\"\" data-link=\"https:\/\/fop2022.ippez.pl\/index.php\/transmisja-online\/msd_logo\/\" class=\"wp-image-52\"\/><\/figure><\/li><li class=\"coblocks-gallery--item coblocks-animate\" data-coblocks-animation=\"clipHorizontal\"><figure class=\"wp-block-coblocks-gallery-offset__figure\"><img loading=\"lazy\" decoding=\"async\" width=\"150\" height=\"150\" src=\"https:\/\/fop2022.ippez.pl\/wp-content\/uploads\/2022\/01\/vertex_logo_sop_r_rgb.jpg\" alt=\"\" data-id=\"100\" data-imglink=\"\" data-link=\"https:\/\/fop2022.ippez.pl\/index.php\/transmisja-online\/vertex_logo_sop_r_rgb\/\" class=\"wp-image-100\"\/><\/figure><\/li><li class=\"coblocks-gallery--item coblocks-animate\" data-coblocks-animation=\"clipHorizontal\"><figure class=\"wp-block-coblocks-gallery-offset__figure\"><img loading=\"lazy\" decoding=\"async\" width=\"150\" height=\"150\" src=\"https:\/\/fop2022.ippez.pl\/wp-content\/uploads\/2021\/12\/roche_logo.jpg\" alt=\"\" data-id=\"49\" data-imglink=\"\" data-link=\"https:\/\/fop2022.ippez.pl\/index.php\/transmisja-online\/roche_logo\/\" class=\"wp-image-49\"\/><\/figure><\/li><\/ul><\/div>\n\n\n\n<h2 class=\"has-text-align-center wp-block-heading\" id=\"patronat-medialny\">Patronat medialny<\/h2>\n\n\n\n<div aria-label=\"Offset Gallery\" class=\"wp-block-coblocks-gallery-offset\"><ul class=\"coblocks-gallery has-no-alignment has-caption-style-dark has-medium-images has-medium-gutter\"><li class=\"coblocks-gallery--item coblocks-animate\" data-coblocks-animation=\"clipHorizontal\"><figure class=\"wp-block-coblocks-gallery-offset__figure\"><img loading=\"lazy\" decoding=\"async\" width=\"150\" height=\"150\" src=\"https:\/\/fop2022.ippez.pl\/wp-content\/uploads\/2022\/01\/GS-Logo-Przezroczyste.png\" alt=\"\" data-id=\"95\" data-imglink=\"\" data-link=\"https:\/\/fop2022.ippez.pl\/index.php\/transmisja-online\/gs-logo-przezroczyste\/\" class=\"wp-image-95\"\/><\/figure><\/li><li class=\"coblocks-gallery--item coblocks-animate\" data-coblocks-animation=\"clipHorizontal\"><figure class=\"wp-block-coblocks-gallery-offset__figure\"><img loading=\"lazy\" decoding=\"async\" width=\"150\" height=\"150\" src=\"https:\/\/fop2022.ippez.pl\/wp-content\/uploads\/2022\/01\/cowzdrowiu_podstawa.jpg\" alt=\"\" data-id=\"94\" data-imglink=\"\" data-link=\"https:\/\/fop2022.ippez.pl\/index.php\/transmisja-online\/cowzdrowiu_podstawa\/\" class=\"wp-image-94\"\/><\/figure><\/li><li class=\"coblocks-gallery--item coblocks-animate\" data-coblocks-animation=\"clipHorizontal\"><figure class=\"wp-block-coblocks-gallery-offset__figure\"><img loading=\"lazy\" decoding=\"async\" width=\"150\" height=\"150\" src=\"https:\/\/fop2022.ippez.pl\/wp-content\/uploads\/2022\/01\/TERMEDIA_logo2-255px170.png\" alt=\"\" data-id=\"158\" data-imglink=\"\" data-link=\"https:\/\/fop2022.ippez.pl\/index.php\/transmisja-online\/termedia_logo2-255px170\/\" class=\"wp-image-158\"\/><\/figure><\/li><li class=\"coblocks-gallery--item coblocks-animate\" data-coblocks-animation=\"clipHorizontal\"><figure class=\"wp-block-coblocks-gallery-offset__figure\"><img loading=\"lazy\" decoding=\"async\" width=\"150\" height=\"150\" src=\"https:\/\/fop2022.ippez.pl\/wp-content\/uploads\/2022\/01\/mzdrowie-2000x470-1.jpg\" alt=\"\" data-id=\"97\" data-imglink=\"\" data-link=\"https:\/\/fop2022.ippez.pl\/index.php\/transmisja-online\/mzdrowie-2000x470-1\/\" class=\"wp-image-97\"\/><\/figure><\/li><li class=\"coblocks-gallery--item coblocks-animate\" data-coblocks-animation=\"clipHorizontal\"><figure class=\"wp-block-coblocks-gallery-offset__figure\"><img loading=\"lazy\" decoding=\"async\" width=\"150\" height=\"150\" src=\"https:\/\/fop2022.ippez.pl\/wp-content\/uploads\/2022\/01\/logo_MEDEXPRESS_pl-400x187-optimized.png\" alt=\"\" data-id=\"96\" data-imglink=\"\" data-link=\"https:\/\/fop2022.ippez.pl\/index.php\/transmisja-online\/logo_medexpress_pl-400x187-optimized\/\" class=\"wp-image-96\"\/><\/figure><\/li><li class=\"coblocks-gallery--item coblocks-animate\" data-coblocks-animation=\"clipHorizontal\"><figure class=\"wp-block-coblocks-gallery-offset__figure\"><img loading=\"lazy\" decoding=\"async\" width=\"150\" height=\"150\" src=\"https:\/\/fop2022.ippez.pl\/wp-content\/uploads\/2022\/01\/beats4health_03_wybrane_kolor.png\" alt=\"\" data-id=\"162\" data-imglink=\"\" data-link=\"https:\/\/fop2022.ippez.pl\/index.php\/transmisja-online\/beats4health_03_wybrane_kolor\/\" class=\"wp-image-162\"\/><\/figure><\/li><\/ul><\/div>\n\n\n\n<hr class=\"wp-block-coblocks-dynamic-separator is-style-fullwidth\" style=\"height:50px\"\/>\n\n\n\n<h2 class=\"has-text-align-center wp-block-heading\" id=\"kontakt\">KONTAKT<\/h2>\n\n\n\n<hr class=\"wp-block-coblocks-dynamic-separator is-style-fullwidth\" style=\"height:50px\"\/>\n\n\n\n<div class=\"wp-block-media-text alignwide is-stacked-on-mobile\"><figure class=\"wp-block-media-text__media\"><img loading=\"lazy\" decoding=\"async\" width=\"1024\" height=\"331\" src=\"https:\/\/fop2022.ippez.pl\/wp-content\/uploads\/2021\/12\/ippez_logo-1024x331.jpg\" alt=\"\" class=\"wp-image-9 size-full\" srcset=\"https:\/\/fop2022.ippez.pl\/wp-content\/uploads\/2021\/12\/ippez_logo-1024x331.jpg 1024w, https:\/\/fop2022.ippez.pl\/wp-content\/uploads\/2021\/12\/ippez_logo-300x97.jpg 300w, https:\/\/fop2022.ippez.pl\/wp-content\/uploads\/2021\/12\/ippez_logo-768x248.jpg 768w, https:\/\/fop2022.ippez.pl\/wp-content\/uploads\/2021\/12\/ippez_logo.jpg 1050w\" sizes=\"auto, (max-width: 1024px) 100vw, 1024px\" \/><\/figure><div class=\"wp-block-media-text__content\">\n<p><strong>Fundacja Instytut Praw Pacjenta i Edukacji Zdrowotnej<\/strong><\/p>\n\n\n\n<p>ul. Pi\u0119kna 64A lok. 8<br>00-672 Warszawa<\/p>\n\n\n\n<p>e-mail: <a href=\"mailto:kontakt@prawapacjenta.eu\">kontakt@prawapacjenta.eu<\/a><\/p>\n\n\n\n<p>tel. +48 22 628 08 63 (od poniedzia\u0142ku do pi\u0105tku w godz. 10:00-15:30)<\/p>\n<\/div><\/div>\n","protected":false},"excerpt":{"rendered":"<p>Partnerzy merytoryczni PARTNER G\u0141\u00d3WNY Partnerzy wspieraj\u0105cy Partnerzy Patronat medialny KONTAKT Fundacja Instytut Praw Pacjenta i Edukacji Zdrowotnej ul. Pi\u0119kna 64A lok. 800-672 Warszawa e-mail: kontakt@prawapacjenta.eu tel. +48 22 628 08 &#8230;<\/p>\n","protected":false},"author":1,"featured_media":0,"parent":0,"menu_order":0,"comment_status":"closed","ping_status":"closed","template":"","meta":{"_coblocks_attr":"","_coblocks_dimensions":"","_coblocks_responsive_height":"","_coblocks_accordion_ie_support":"","_uag_custom_page_level_css":"","footnotes":""},"class_list":["post-12","page","type-page","status-publish","hentry"],"uagb_featured_image_src":{"full":false,"thumbnail":false,"medium":false,"medium_large":false,"large":false,"1536x1536":false,"2048x2048":false,"onepress-blog-small":false,"onepress-small":false,"onepress-medium":false},"uagb_author_info":{"display_name":"fopadmin22","author_link":"https:\/\/fop2022.ippez.pl\/index.php\/author\/fopadmin22\/"},"uagb_comment_info":0,"uagb_excerpt":"Partnerzy merytoryczni PARTNER G\u0141\u00d3WNY Partnerzy wspieraj\u0105cy Partnerzy Patronat medialny KONTAKT Fundacja Instytut Praw Pacjenta i Edukacji Zdrowotnej ul. Pi\u0119kna 64A lok. 800-672 Warszawa e-mail: kontakt@prawapacjenta.eu tel. +48 22 628 08 ...","_links":{"self":[{"href":"https:\/\/fop2022.ippez.pl\/index.php\/wp-json\/wp\/v2\/pages\/12","targetHints":{"allow":["GET"]}}],"collection":[{"href":"https:\/\/fop2022.ippez.pl\/index.php\/wp-json\/wp\/v2\/pages"}],"about":[{"href":"https:\/\/fop2022.ippez.pl\/index.php\/wp-json\/wp\/v2\/types\/page"}],"author":[{"embeddable":true,"href":"https:\/\/fop2022.ippez.pl\/index.php\/wp-json\/wp\/v2\/users\/1"}],"replies":[{"embeddable":true,"href":"https:\/\/fop2022.ippez.pl\/index.php\/wp-json\/wp\/v2\/comments?post=12"}],"version-history":[{"count":48,"href":"https:\/\/fop2022.ippez.pl\/index.php\/wp-json\/wp\/v2\/pages\/12\/revisions"}],"predecessor-version":[{"id":241,"href":"https:\/\/fop2022.ippez.pl\/index.php\/wp-json\/wp\/v2\/pages\/12\/revisions\/241"}],"wp:attachment":[{"href":"https:\/\/fop2022.ippez.pl\/index.php\/wp-json\/wp\/v2\/media?parent=12"}],"curies":[{"name":"wp","href":"https:\/\/api.w.org\/{rel}","templated":true}]}}